{"id":73,"date":"2025-03-27T07:22:33","date_gmt":"2025-03-27T07:22:33","guid":{"rendered":"https:\/\/flicker.divicoded.com\/?page_id=73"},"modified":"2025-08-20T11:53:37","modified_gmt":"2025-08-20T11:53:37","slug":"kindergeburtstag-koeln","status":"publish","type":"page","link":"https:\/\/lasergamezentrum-koeln.de\/index.php\/kindergeburtstag-koeln\/","title":{"rendered":"Kindergeburtstag"},"content":{"rendered":"<p>[et_pb_section fb_built=&#8220;1&#8243; custom_padding_last_edited=&#8220;on|phone&#8220; _builder_version=&#8220;4.27.4&#8243; _module_preset=&#8220;default&#8220; background_image=&#8220;https:\/\/lasergamezentrum-koeln.de\/wp-content\/uploads\/2025\/08\/DSC08662-Verbessert-RR-scaled.jpg&#8220; custom_margin_last_edited=&#8220;off|phone&#8220; custom_padding=&#8220;268px||166px||false|false&#8220; custom_padding_tablet=&#8220;197px||100px||false|false&#8220; custom_padding_phone=&#8220;177px||80px||false|false&#8220; hover_enabled=&#8220;0&#8243; custom_css_before=&#8220;content:&#8220;;||top:0;||left:0;||bottom:0;||right:0;||position:absolute;||background-color:var(&#8211;color2);||opacity:0.9;&#8220; locked=&#8220;off&#8220; global_colors_info=&#8220;{}&#8220; title_text=&#8220;DSC08662-Verbessert-RR&#8220; sticky_enabled=&#8220;0&#8243;][et_pb_row _builder_version=&#8220;4.27.4&#8243; _module_preset=&#8220;default&#8220; width=&#8220;90%&#8220; custom_padding=&#8220;0px||0px||true|false&#8220; global_colors_info=&#8220;{}&#8220;][et_pb_column type=&#8220;4_4&#8243; _builder_version=&#8220;4.27.4&#8243; _module_preset=&#8220;default&#8220; global_colors_info=&#8220;{}&#8220;][et_pb_heading title=&#8220;@ET-DC@eyJkeW5hbWljIjp0cnVlLCJjb250ZW50IjoicG9zdF90aXRsZSIsInNldHRpbmdzIjp7ImJlZm9yZSI6IiIsImFmdGVyIjoiIn19@&#8220; _builder_version=&#8220;4.27.4&#8243; _dynamic_attributes=&#8220;title&#8220; _module_preset=&#8220;default&#8220; title_font=&#8220;|700|||||||&#8220; title_text_align=&#8220;center&#8220; title_font_size=&#8220;70px&#8220; title_line_height=&#8220;80px&#8220; title_font_size_tablet=&#8220;55px&#8220; title_font_size_phone=&#8220;40px&#8220; title_font_size_last_edited=&#8220;on|phone&#8220; title_line_height_tablet=&#8220;65px&#8220; title_line_height_phone=&#8220;50px&#8220; title_line_height_last_edited=&#8220;on|desktop&#8220; custom_css_main_element=&#8220;padding:0;||color:var(&#8211;color3);&#8220; global_colors_info=&#8220;{}&#8220;][\/et_pb_heading][\/et_pb_column][\/et_pb_row][\/et_pb_section][et_pb_section fb_built=&#8220;1&#8243; custom_padding_last_edited=&#8220;on|phone&#8220; _builder_version=&#8220;4.27.4&#8243; _module_preset=&#8220;default&#8220; background_enable_color=&#8220;off&#8220; custom_padding=&#8220;110px||110px||true|false&#8220; custom_padding_tablet=&#8220;80px||80px||true|false&#8220; custom_padding_phone=&#8220;60px||60px||true|false&#8220; custom_css_main_element=&#8220;background-color:var(&#8211;color2);  ||overflow: hidden;&#8220; locked=&#8220;off&#8220; global_colors_info=&#8220;{}&#8220;][et_pb_row _builder_version=&#8220;4.27.4&#8243; _module_preset=&#8220;default&#8220; width=&#8220;90%&#8220; custom_padding=&#8220;0px||0px||true|false&#8220; global_colors_info=&#8220;{}&#8220;][et_pb_column type=&#8220;4_4&#8243; _builder_version=&#8220;4.27.4&#8243; _module_preset=&#8220;default&#8220; global_colors_info=&#8220;{}&#8220;][et_pb_blurb title=&#8220;Feier in der Laserzone!&#8220; content_max_width=&#8220;100%&#8220; _builder_version=&#8220;4.27.4&#8243; _module_preset=&#8220;default&#8220; header_level=&#8220;h2&#8243; header_font=&#8220;|700|||||||&#8220; header_font_size=&#8220;50px&#8220; header_line_height=&#8220;60px&#8220; body_line_height=&#8220;26px&#8220; text_orientation=&#8220;center&#8220; header_font_size_tablet=&#8220;42px&#8220; header_font_size_phone=&#8220;34px&#8220; header_font_size_last_edited=&#8220;on|phone&#8220; header_line_height_tablet=&#8220;52px&#8220; header_line_height_phone=&#8220;44px&#8220; header_line_height_last_edited=&#8220;on|desktop&#8220; custom_css_main_element=&#8220;max-width:850px;||margin:auto;&#8220; custom_css_blurb_title=&#8220;padding:0 0 30px;||color:var(&#8211;color3);&#8220; custom_css_blurb_content=&#8220;color:var(&#8211;color3);||font-weight:400;&#8220; global_colors_info=&#8220;{}&#8220;]<\/p>\n<p>Dieser Kindergeburtstag in der LaserZone K\u00f6ln wird unvergesslich. Mit Weste und Tagger ausger\u00fcstet erlebt ihr pures LaserTag in K\u00f6ln. Entwickelt eure Taktik, zielt genau und taucht ein in ein spannendes Abenteuer. LaserTag in K\u00f6ln ist Action und Spa\u00df f\u00fcr Kinder, Jugendliche und Erwachsene.<\/p>\n<p>[\/et_pb_blurb][\/et_pb_column][\/et_pb_row][et_pb_row _builder_version=&#8220;4.27.4&#8243; _module_preset=&#8220;default&#8220; width=&#8220;90%&#8220; custom_margin=&#8220;50px||||false|false&#8220; custom_margin_tablet=&#8220;40px||||false|false&#8220; custom_margin_phone=&#8220;30px||||false|false&#8220; custom_margin_last_edited=&#8220;on|phone&#8220; custom_padding=&#8220;0px||0px||true|false&#8220; global_colors_info=&#8220;{}&#8220;][et_pb_column type=&#8220;4_4&#8243; _builder_version=&#8220;4.27.4&#8243; _module_preset=&#8220;default&#8220; global_colors_info=&#8220;{}&#8220;][et_pb_pricing_tables show_bullet=&#8220;off&#8220; module_class=&#8220;flicker_pricing&#8220; _builder_version=&#8220;4.27.4&#8243; _module_preset=&#8220;default&#8220; header_level=&#8220;h4&#8243; header_font=&#8220;|700|||||||&#8220; header_font_size=&#8220;24px&#8220; header_line_height=&#8220;34px&#8220; body_line_height=&#8220;26px&#8220; subheader_font_size=&#8220;14px&#8220; subheader_line_height=&#8220;24px&#8220; price_font=&#8220;&#8211;et_global_heading_font|700|||||||&#8220; price_font_size=&#8220;40px&#8220; price_line_height=&#8220;30px&#8220; currency_frequency_font_size=&#8220;14px&#8220; currency_frequency_line_height=&#8220;24px&#8220; custom_button=&#8220;on&#8220; button_bg_color=&#8220;RGBA(255,255,255,0)&#8220; button_font=&#8220;|700|||||||&#8220; button_on_hover=&#8220;off&#8220; button_alignment=&#8220;center&#8220; button_custom_padding=&#8220;15px|19px|15px|19px|true|true&#8220; text_orientation=&#8220;left&#8220; custom_css_pricing_heading=&#8220;background-color:transparent;||padding:0!important;&#8220; custom_css_pricing_title=&#8220;color:var(&#8211;color3)!important;||padding:0 0 5px!important;&#8220; custom_css_pricing_subtitle=&#8220;color:var(&#8211;color3)!important;||padding:0 !important;||margin:0!important;&#8220; custom_css_pricing_top=&#8220;color:var(&#8211;color3)!important;||padding:0!important;||margin:0!important;||border:0!important;&#8220; custom_css_price=&#8220;color:var(&#8211;color3)!important;||padding:0!important;&#8220; custom_css_pricing_content=&#8220;border-top:1px solid hsl(from var(&#8211;color3) h s l \/ 0.1);||padding:30px 0 0;||margin:30px 0 ;&#8220; custom_css_pricing_item=&#8220;color:var(&#8211;color3);||font-weight:400;&#8220; custom_css_pricing_item_excluded=&#8220;color:var(&#8211;color3);&#8220; custom_css_pricing_button=&#8220;width:100%;||margin:0!important;||position:relative;||line-height:26px!important;||color:var(&#8211;color3);||border:1px solid var(&#8211;color1)!important;&#8220; global_colors_info=&#8220;{}&#8220;][et_pb_pricing_table title=&#8220;LaserTag Kindergeburtstag in K\u00f6ln &#8220; subtitle=&#8220;Feiere mit deinen Freunden einen Geburtstag,&#8220; per=&#8220;pro Person&#8220; sum=&#8220;20,90\u20ac&#8220; button_url=&#8220;#&#8220; button_text=&#8220;JETZT BUCHEN&#8220; _builder_version=&#8220;4.27.4&#8243; _module_preset=&#8220;default&#8220; custom_button=&#8220;on&#8220; custom_css_main_element=&#8220;background-color:hsl(from var(&#8211;color1) h s l \/ 0.03);!important;||border:0!important;||padding:30px;&#8220; global_colors_info=&#8220;{}&#8220; sticky_transition=&#8220;on&#8220;]<\/p>\n<p>Viele gl\u00fcckliche Geburtstagskinder an all unseren Standorten<\/p>\n<p>Mit P\u00e4dagogen entwickelte Spiele<\/p>\n<p>Top Bewertungen auf Google &amp; Tripadvisor f\u00fcr alle Standorte<\/p>\n<p>Bew\u00e4hrtes Konzept aus Spielen und gemeinschaftlichen Pausen<\/p>\n<p>[\/et_pb_pricing_table][\/et_pb_pricing_tables][\/et_pb_column][\/et_pb_row][et_pb_row _builder_version=&#8220;4.27.4&#8243; _module_preset=&#8220;default&#8220; global_colors_info=&#8220;{}&#8220;][et_pb_column type=&#8220;4_4&#8243; _builder_version=&#8220;4.27.4&#8243; _module_preset=&#8220;default&#8220; global_colors_info=&#8220;{}&#8220;][et_pb_blurb title=&#8220;So geht&#8217;s&#8220; content_max_width=&#8220;100%&#8220; _builder_version=&#8220;4.27.4&#8243; _module_preset=&#8220;default&#8220; header_level=&#8220;h2&#8243; header_font=&#8220;|700|||||||&#8220; header_font_size=&#8220;50px&#8220; header_line_height=&#8220;60px&#8220; body_line_height=&#8220;26px&#8220; text_orientation=&#8220;center&#8220; header_font_size_tablet=&#8220;42px&#8220; header_font_size_phone=&#8220;34px&#8220; header_font_size_last_edited=&#8220;on|phone&#8220; header_line_height_tablet=&#8220;52px&#8220; header_line_height_phone=&#8220;44px&#8220; header_line_height_last_edited=&#8220;on|desktop&#8220; custom_css_main_element=&#8220;max-width:850px;||margin:auto;&#8220; custom_css_blurb_title=&#8220;padding:0 0 30px;||color:var(&#8211;color3);&#8220; custom_css_blurb_content=&#8220;color:var(&#8211;color3);||font-weight:400;&#8220; global_colors_info=&#8220;{}&#8220;]<\/p>\n<p><strong>So planst du in 3 Schritten deinen unvergesslichen LaserTag Kindergeburtstag in K\u00f6ln Ossendorf<\/strong><\/p>\n<p>[\/et_pb_blurb][\/et_pb_column][\/et_pb_row][et_pb_row column_structure=&#8220;1_3,1_3,1_3&#8243; _builder_version=&#8220;4.27.4&#8243; _module_preset=&#8220;default&#8220; width=&#8220;90%&#8220; custom_margin=&#8220;50px||||false|false&#8220; custom_margin_tablet=&#8220;40px||||false|false&#8220; custom_margin_phone=&#8220;30px||||false|false&#8220; custom_margin_last_edited=&#8220;on|phone&#8220; custom_padding=&#8220;0px||0px||true|false&#8220; global_colors_info=&#8220;{}&#8220;][et_pb_column type=&#8220;1_3&#8243; _builder_version=&#8220;4.27.4&#8243; _module_preset=&#8220;default&#8220; global_colors_info=&#8220;{}&#8220;][et_pb_pricing_tables show_bullet=&#8220;off&#8220; module_class=&#8220;flicker_pricing&#8220; _builder_version=&#8220;4.27.4&#8243; _module_preset=&#8220;default&#8220; header_level=&#8220;h4&#8243; header_font=&#8220;|700|||||||&#8220; header_font_size=&#8220;24px&#8220; header_line_height=&#8220;34px&#8220; body_line_height=&#8220;26px&#8220; subheader_font_size=&#8220;14px&#8220; subheader_line_height=&#8220;24px&#8220; price_font=&#8220;&#8211;et_global_heading_font|700|||||||&#8220; price_font_size=&#8220;40px&#8220; price_line_height=&#8220;30px&#8220; currency_frequency_font_size=&#8220;14px&#8220; currency_frequency_line_height=&#8220;24px&#8220; custom_button=&#8220;on&#8220; button_bg_color=&#8220;RGBA(255,255,255,0)&#8220; button_font=&#8220;|700|||||||&#8220; button_on_hover=&#8220;off&#8220; button_alignment=&#8220;center&#8220; button_custom_padding=&#8220;15px|19px|15px|19px|true|true&#8220; text_orientation=&#8220;left&#8220; custom_css_pricing_heading=&#8220;background-color:transparent;||padding:0!important;&#8220; custom_css_pricing_title=&#8220;color:var(&#8211;color3)!important;||padding:0 0 5px!important;&#8220; custom_css_pricing_subtitle=&#8220;color:var(&#8211;color3)!important;||padding:0 !important;||margin:0!important;&#8220; custom_css_pricing_top=&#8220;color:var(&#8211;color3)!important;||padding:0!important;||margin:0!important;||border:0!important;&#8220; custom_css_price=&#8220;color:var(&#8211;color3)!important;||padding:0!important;&#8220; custom_css_pricing_content=&#8220;border-top:1px solid hsl(from var(&#8211;color3) h s l \/ 0.1);||padding:30px 0 0;||margin:30px 0 ;&#8220; custom_css_pricing_item=&#8220;color:var(&#8211;color3);||font-weight:400;&#8220; custom_css_pricing_item_excluded=&#8220;color:var(&#8211;color3);&#8220; custom_css_pricing_button=&#8220;width:100%;||margin:0!important;||position:relative;||line-height:26px!important;||color:var(&#8211;color3);||border:1px solid var(&#8211;color1)!important;&#8220; global_colors_info=&#8220;{}&#8220;][et_pb_pricing_table title=&#8220;Schritt Nr. 1&#8243; subtitle=&#8220;Aufenthaltsdauer\/Spielpreis w\u00e4hlen&#8220; per=&#8220;1,5 Std.&#8220; sum=&#8220;20,90\u20ac&#8220; button_url=&#8220;#&#8220; _builder_version=&#8220;4.27.4&#8243; _module_preset=&#8220;default&#8220; custom_css_main_element=&#8220;background-color:hsl(from var(&#8211;color1) h s l \/ 0.03);!important;||border:0!important;||padding:30px;&#8220; global_colors_info=&#8220;{}&#8220; sticky_transition=&#8220;on&#8220;]<\/p>\n<p><span>Paket M (2 Std.) ab 22,90\u20ac)<\/span><span><\/span><\/p>\n<p>Paket XL (3 Std.) ab 25,90\u20ac<\/p>\n<p>[\/et_pb_pricing_table][\/et_pb_pricing_tables][\/et_pb_column][et_pb_column type=&#8220;1_3&#8243; _builder_version=&#8220;4.27.4&#8243; _module_preset=&#8220;default&#8220; global_colors_info=&#8220;{}&#8220;][et_pb_pricing_tables show_bullet=&#8220;off&#8220; module_class=&#8220;flicker_pricing&#8220; _builder_version=&#8220;4.27.4&#8243; _module_preset=&#8220;default&#8220; header_level=&#8220;h4&#8243; header_font=&#8220;|700|||||||&#8220; header_font_size=&#8220;24px&#8220; header_line_height=&#8220;34px&#8220; body_line_height=&#8220;26px&#8220; subheader_font_size=&#8220;14px&#8220; subheader_line_height=&#8220;24px&#8220; price_font=&#8220;&#8211;et_global_heading_font|700|||||||&#8220; price_font_size=&#8220;40px&#8220; price_line_height=&#8220;30px&#8220; currency_frequency_font_size=&#8220;14px&#8220; currency_frequency_line_height=&#8220;24px&#8220; custom_button=&#8220;on&#8220; button_bg_color=&#8220;RGBA(255,255,255,0)&#8220; button_font=&#8220;|700|||||||&#8220; button_on_hover=&#8220;off&#8220; button_alignment=&#8220;center&#8220; button_custom_padding=&#8220;15px|19px|15px|19px|true|true&#8220; text_orientation=&#8220;left&#8220; custom_css_pricing_heading=&#8220;background-color:transparent;||padding:0!important;&#8220; custom_css_pricing_title=&#8220;color:var(&#8211;color3)!important;||padding:0 0 5px!important;&#8220; custom_css_pricing_subtitle=&#8220;color:var(&#8211;color3)!important;||padding:0 !important;||margin:0!important;&#8220; custom_css_pricing_top=&#8220;color:var(&#8211;color3)!important;||padding:0!important;||margin:0!important;||border:0!important;&#8220; custom_css_price=&#8220;color:var(&#8211;color3)!important;||padding:0!important;&#8220; custom_css_pricing_content=&#8220;border-top:1px solid hsl(from var(&#8211;color3) h s l \/ 0.1);||padding:30px 0 0;||margin:30px 0 ;&#8220; custom_css_pricing_item=&#8220;color:var(&#8211;color3);||font-weight:400;&#8220; custom_css_pricing_item_excluded=&#8220;color:var(&#8211;color3);&#8220; custom_css_pricing_button=&#8220;width:100%;||margin:0!important;||position:relative;||line-height:26px!important;||color:var(&#8211;color3);||border:1px solid var(&#8211;color1)!important;&#8220; global_colors_info=&#8220;{}&#8220;][et_pb_pricing_table title=&#8220;Schritt Nr. 2&#8243; subtitle=&#8220;Geburtstagspaket w\u00e4hlen&#8220; per=&#8220;pro Person&#8220; sum=&#8220;4,90\u20ac&#8220; button_url=&#8220;#&#8220; _builder_version=&#8220;4.27.4&#8243; _module_preset=&#8220;default&#8220; custom_css_main_element=&#8220;background-color:hsl(from var(&#8211;color1) h s l \/ 0.03);!important;||border:0!important;||padding:30px;&#8220; global_colors_info=&#8220;{}&#8220; sticky_transition=&#8220;on&#8220;]<\/p>\n<p>DIY w\u00e4re kostnlos<\/p>\n<p>All-inclusive 14,90\u20ac<\/p>\n<p>[\/et_pb_pricing_table][\/et_pb_pricing_tables][\/et_pb_column][et_pb_column type=&#8220;1_3&#8243; _builder_version=&#8220;4.27.4&#8243; _module_preset=&#8220;default&#8220; global_colors_info=&#8220;{}&#8220;][et_pb_pricing_tables show_bullet=&#8220;off&#8220; module_class=&#8220;flicker_pricing&#8220; _builder_version=&#8220;4.27.4&#8243; _module_preset=&#8220;default&#8220; header_level=&#8220;h4&#8243; header_font=&#8220;|700|||||||&#8220; header_font_size=&#8220;24px&#8220; header_line_height=&#8220;34px&#8220; body_line_height=&#8220;26px&#8220; subheader_font_size=&#8220;14px&#8220; subheader_line_height=&#8220;24px&#8220; price_font=&#8220;&#8211;et_global_heading_font|700|||||||&#8220; price_font_size=&#8220;40px&#8220; price_line_height=&#8220;30px&#8220; currency_frequency_font_size=&#8220;14px&#8220; currency_frequency_line_height=&#8220;24px&#8220; custom_button=&#8220;on&#8220; button_bg_color=&#8220;RGBA(255,255,255,0)&#8220; button_font=&#8220;|700|||||||&#8220; button_on_hover=&#8220;off&#8220; button_alignment=&#8220;center&#8220; button_custom_padding=&#8220;15px|19px|15px|19px|true|true&#8220; text_orientation=&#8220;left&#8220; custom_css_pricing_heading=&#8220;background-color:transparent;||padding:0!important;&#8220; custom_css_pricing_title=&#8220;color:var(&#8211;color3)!important;||padding:0 0 5px!important;&#8220; custom_css_pricing_subtitle=&#8220;color:var(&#8211;color3)!important;||padding:0 !important;||margin:0!important;&#8220; custom_css_pricing_top=&#8220;color:var(&#8211;color3)!important;||padding:0!important;||margin:0!important;||border:0!important;&#8220; custom_css_price=&#8220;color:var(&#8211;color3)!important;||padding:0!important;&#8220; custom_css_pricing_content=&#8220;border-top:1px solid hsl(from var(&#8211;color3) h s l \/ 0.1);||padding:30px 0 0;||margin:30px 0 ;&#8220; custom_css_pricing_item=&#8220;color:var(&#8211;color3);||font-weight:400;&#8220; custom_css_pricing_item_excluded=&#8220;color:var(&#8211;color3);&#8220; custom_css_pricing_button=&#8220;width:100%;||margin:0!important;||position:relative;||line-height:26px!important;||color:var(&#8211;color3);||border:1px solid var(&#8211;color1)!important;&#8220; global_colors_info=&#8220;{}&#8220;][et_pb_pricing_table title=&#8220;Schritt Nr. 3&#8243; subtitle=&#8220;Zus\u00e4tzliche Upgrades w\u00e4hlen&#8220; per=&#8220;pro Partypizza&#8220; sum=&#8220;22,90\u20ac&#8220; button_url=&#8220;#&#8220; _builder_version=&#8220;4.27.4&#8243; _module_preset=&#8220;default&#8220; custom_css_main_element=&#8220;background-color:hsl(from var(&#8211;color1) h s l \/ 0.03);!important;||border:0!important;||padding:30px;&#8220; global_colors_info=&#8220;{}&#8220; sticky_transition=&#8220;on&#8220;]<\/p>\n<p>Begleiterpaket 3,50\u20ac p.P.<\/p>\n<p>Gastgeschenk 4,50\u20ac<\/p>\n<p>[\/et_pb_pricing_table][\/et_pb_pricing_tables][\/et_pb_column][\/et_pb_row][\/et_pb_section]<\/p>\n","protected":false},"excerpt":{"rendered":"<p>Dieser Kindergeburtstag in der LaserZone K\u00f6ln wird unvergesslich. Mit Weste und Tagger ausger\u00fcstet erlebt ihr pures LaserTag in K\u00f6ln. Entwickelt eure Taktik, zielt genau und taucht ein in ein spannendes Abenteuer. LaserTag in K\u00f6ln ist Action und Spa\u00df f\u00fcr Kinder, Jugendliche und Erwachsene.Viele gl\u00fcckliche Geburtstagskinder an all unseren Standorten Mit P\u00e4dagogen entwickelte Spiele Top Bewertungen [&hellip;]<\/p>\n","protected":false},"author":1,"featured_media":0,"parent":0,"menu_order":0,"comment_status":"closed","ping_status":"closed","template":"","meta":{"_et_pb_use_builder":"on","_et_pb_old_content":"<!-- wp:divi\/placeholder \/-->","_et_gb_content_width":"","footnotes":""},"class_list":["post-73","page","type-page","status-publish","hentry"],"_links":{"self":[{"href":"https:\/\/lasergamezentrum-koeln.de\/index.php\/wp-json\/wp\/v2\/pages\/73","targetHints":{"allow":["GET"]}}],"collection":[{"href":"https:\/\/lasergamezentrum-koeln.de\/index.php\/wp-json\/wp\/v2\/pages"}],"about":[{"href":"https:\/\/lasergamezentrum-koeln.de\/index.php\/wp-json\/wp\/v2\/types\/page"}],"author":[{"embeddable":true,"href":"https:\/\/lasergamezentrum-koeln.de\/index.php\/wp-json\/wp\/v2\/users\/1"}],"replies":[{"embeddable":true,"href":"https:\/\/lasergamezentrum-koeln.de\/index.php\/wp-json\/wp\/v2\/comments?post=73"}],"version-history":[{"count":6,"href":"https:\/\/lasergamezentrum-koeln.de\/index.php\/wp-json\/wp\/v2\/pages\/73\/revisions"}],"predecessor-version":[{"id":1966,"href":"https:\/\/lasergamezentrum-koeln.de\/index.php\/wp-json\/wp\/v2\/pages\/73\/revisions\/1966"}],"wp:attachment":[{"href":"https:\/\/lasergamezentrum-koeln.de\/index.php\/wp-json\/wp\/v2\/media?parent=73"}],"curies":[{"name":"wp","href":"https:\/\/api.w.org\/{rel}","templated":true}]}}