{"id":68,"date":"2025-03-27T07:22:02","date_gmt":"2025-03-27T07:22:02","guid":{"rendered":"https:\/\/flicker.divicoded.com\/?page_id=68"},"modified":"2025-08-20T11:27:28","modified_gmt":"2025-08-20T11:27:28","slug":"lasertag-gutscheine","status":"publish","type":"page","link":"https:\/\/lasergamezentrum-koeln.de\/index.php\/lasertag-gutscheine\/","title":{"rendered":"LaserTag Gutscheine"},"content":{"rendered":"<p>[et_pb_section fb_built=&#8220;1&#8243; custom_padding_last_edited=&#8220;on|phone&#8220; _builder_version=&#8220;4.27.4&#8243; _module_preset=&#8220;default&#8220; background_image=&#8220;https:\/\/lasergamezentrum-koeln.de\/wp-content\/uploads\/2025\/08\/LaserZone-LaserTag-Koeln-17.png&#8220; custom_margin_last_edited=&#8220;off|phone&#8220; custom_padding=&#8220;268px||166px||false|false&#8220; custom_padding_tablet=&#8220;197px||100px||false|false&#8220; custom_padding_phone=&#8220;177px||80px||false|false&#8220; custom_css_before=&#8220;content:&#8220;;||top:0;||left:0;||bottom:0;||right:0;||position:absolute;||background-color:var(&#8211;color2);||opacity:0.9;&#8220; locked=&#8220;off&#8220; global_colors_info=&#8220;{}&#8220;][et_pb_row _builder_version=&#8220;4.27.4&#8243; _module_preset=&#8220;default&#8220; width=&#8220;90%&#8220; custom_padding=&#8220;0px||0px||true|false&#8220; global_colors_info=&#8220;{}&#8220;][et_pb_column type=&#8220;4_4&#8243; _builder_version=&#8220;4.27.4&#8243; _module_preset=&#8220;default&#8220; global_colors_info=&#8220;{}&#8220;][et_pb_heading title=&#8220;@ET-DC@eyJkeW5hbWljIjp0cnVlLCJjb250ZW50IjoicG9zdF90aXRsZSIsInNldHRpbmdzIjp7ImJlZm9yZSI6IiIsImFmdGVyIjoiIn19@&#8220; _builder_version=&#8220;4.27.4&#8243; _dynamic_attributes=&#8220;title&#8220; _module_preset=&#8220;default&#8220; title_font=&#8220;|700|||||||&#8220; title_text_align=&#8220;center&#8220; title_font_size=&#8220;70px&#8220; title_line_height=&#8220;80px&#8220; title_font_size_tablet=&#8220;55px&#8220; title_font_size_phone=&#8220;40px&#8220; title_font_size_last_edited=&#8220;on|phone&#8220; title_line_height_tablet=&#8220;65px&#8220; title_line_height_phone=&#8220;50px&#8220; title_line_height_last_edited=&#8220;on|desktop&#8220; custom_css_main_element=&#8220;padding:0;||color:var(&#8211;color3);&#8220; global_colors_info=&#8220;{}&#8220;][\/et_pb_heading][\/et_pb_column][\/et_pb_row][\/et_pb_section][et_pb_section fb_built=&#8220;1&#8243; custom_padding_last_edited=&#8220;on|phone&#8220; _builder_version=&#8220;4.27.4&#8243; _module_preset=&#8220;default&#8220; background_enable_color=&#8220;off&#8220; custom_padding=&#8220;120px||100px||false|false&#8220; custom_padding_tablet=&#8220;80px||80px||true|false&#8220; custom_padding_phone=&#8220;60px||60px||true|false&#8220; custom_css_main_element=&#8220;background-color:var(&#8211;color2); ||overflow: hidden;&#8220; locked=&#8220;off&#8220; global_colors_info=&#8220;{}&#8220;][et_pb_row _builder_version=&#8220;4.27.4&#8243; _module_preset=&#8220;default&#8220; width=&#8220;90%&#8220; custom_padding=&#8220;0px||0px||true|false&#8220; global_colors_info=&#8220;{}&#8220;][et_pb_column type=&#8220;4_4&#8243; _builder_version=&#8220;4.27.4&#8243; _module_preset=&#8220;default&#8220; global_colors_info=&#8220;{}&#8220;][et_pb_blurb title=&#8220;Gutscheine f\u00fcr LaserTag K\u00f6ln zum Verschenken&#8220; content_max_width=&#8220;100%&#8220; _builder_version=&#8220;4.27.4&#8243; _module_preset=&#8220;default&#8220; header_level=&#8220;h2&#8243; header_font=&#8220;|700|||||||&#8220; header_font_size=&#8220;50px&#8220; header_line_height=&#8220;60px&#8220; body_font_size=&#8220;20px&#8220; body_line_height=&#8220;30px&#8220; header_font_size_tablet=&#8220;42px&#8220; header_font_size_phone=&#8220;34px&#8220; header_font_size_last_edited=&#8220;on|phone&#8220; header_line_height_tablet=&#8220;52px&#8220; header_line_height_phone=&#8220;44px&#8220; header_line_height_last_edited=&#8220;on|desktop&#8220; custom_css_main_element=&#8220;max-width:634px;&#8220; custom_css_blurb_title=&#8220;padding:0 0 20px;||color:var(&#8211;color3);&#8220; custom_css_blurb_content=&#8220;color:var(&#8211;color3);||font-weight:400;&#8220; global_colors_info=&#8220;{}&#8220;]<\/p>\n<p>Verschenke unvergessliche Erlebnisse mit einem LaserTag K\u00f6ln Gutschein. <strong>LaserTag K\u00f6ln Gutschein<\/strong> \u2013 das perfekte Geschenk f\u00fcr Actionfans<\/p>\n<p>[\/et_pb_blurb][\/et_pb_column][\/et_pb_row][et_pb_row _builder_version=&#8220;4.27.4&#8243; _module_preset=&#8220;default&#8220; width=&#8220;90%&#8220; custom_margin=&#8220;60px||||false|false&#8220; custom_margin_tablet=&#8220;45px||||false|false&#8220; custom_margin_phone=&#8220;30px||||false|false&#8220; custom_margin_last_edited=&#8220;on|phone&#8220; custom_padding=&#8220;0px||0px||true|false&#8220; custom_css_main_element=&#8220;position:relative;&#8220; global_colors_info=&#8220;{}&#8220;][et_pb_column type=&#8220;4_4&#8243; _builder_version=&#8220;4.27.4&#8243; _module_preset=&#8220;default&#8220; custom_padding_tablet=&#8220;||70px||false|false&#8220; custom_padding_phone=&#8220;||70px||false|false&#8220; custom_padding_last_edited=&#8220;on|tablet&#8220; custom_css_main_element=&#8220;display:grid;||grid-template-columns:repeat(3,1fr);||gap:30px;&#8220; global_colors_info=&#8220;{}&#8220; custom_css_main_element_last_edited=&#8220;on|phone&#8220; custom_css_main_element_tablet=&#8220;display:grid;||grid-template-columns:repeat(2,1fr);||gap:30px;&#8220; custom_css_main_element_phone=&#8220;display:grid;||grid-template-columns:repeat(1,1fr);||gap:30px;&#8220;][et_pb_blurb title=&#8220;LaserTag Wertgutschein&#8220; image=&#8220;https:\/\/lasergamezentrum-koeln.de\/wp-content\/uploads\/2025\/08\/DSC06642-Verbessert-RR-scaled.jpg&#8220; alt=&#8220;img-18&#8243; content_max_width=&#8220;100%&#8220; module_class=&#8220;flicker_service&#8220; _builder_version=&#8220;4.27.4&#8243; _module_preset=&#8220;default&#8220; header_font=&#8220;|700|||||||&#8220; header_font_size=&#8220;30px&#8220; header_line_height=&#8220;40px&#8220; body_line_height=&#8220;26px&#8220; custom_margin=&#8220;||0px||false|false&#8220; custom_padding=&#8220;||20px||false|false&#8220; header_font_size_tablet=&#8220;28px&#8220; header_font_size_phone=&#8220;26px&#8220; header_font_size_last_edited=&#8220;on|phone&#8220; header_line_height_tablet=&#8220;38px&#8220; header_line_height_phone=&#8220;36px&#8220; header_line_height_last_edited=&#8220;on|desktop&#8220; custom_css_before=&#8220;content:&#8220;;||left:0;||bottom:0;||height:1px;||position:absolute;||width:0;||background:var(&#8211;color1);||transition:all .5s ease;&#8220; custom_css_main_element=&#8220;border-bottom:1px solid hsl(from var(&#8211;color1) h s l \/ 0.2);||z-index:1;&#8220; custom_css_blurb_image=&#8220;margin:0 0 20px;||max-width:100%!important;||width:100%!important;&#8220; custom_css_blurb_title=&#8220;color:var(&#8211;color3);||padding:0 0 20px;&#8220; custom_css_blurb_content=&#8220;color:var(&#8211;color3);||font-weight:400;&#8220; global_colors_info=&#8220;{}&#8220; custom_css_before__hover_enabled=&#8220;on|desktop&#8220; custom_css_before__hover=&#8220;width:100%;&#8220;]<\/p>\n<p>Verschenke einen <strong>Wertgutschein<\/strong> ab 10,00 \u20ac f\u00fcr LaserTag in der LaserZone K\u00f6ln<br \/><a href=\"https:\/\/www.laserzone.de\/nrw\/koeln\/lasertag-koeln\/gutscheine-kaufen\/?re-product-id=291989\">Hier buchen<\/a><\/p>\n<p>[\/et_pb_blurb][et_pb_blurb title=&#8220;1,5h LaserTag + Clubkarte&#8220; image=&#8220;https:\/\/lasergamezentrum-koeln.de\/wp-content\/uploads\/2025\/08\/LaserZone-LaserTag-Koeln-16.png&#8220; alt=&#8220;img-19&#8243; content_max_width=&#8220;100%&#8220; module_class=&#8220;flicker_service&#8220; _builder_version=&#8220;4.27.4&#8243; _module_preset=&#8220;default&#8220; header_font=&#8220;|700|||||||&#8220; header_font_size=&#8220;30px&#8220; header_line_height=&#8220;40px&#8220; body_line_height=&#8220;26px&#8220; custom_margin=&#8220;||0px||false|false&#8220; custom_padding=&#8220;||20px||false|false&#8220; header_font_size_tablet=&#8220;28px&#8220; header_font_size_phone=&#8220;26px&#8220; header_font_size_last_edited=&#8220;on|phone&#8220; header_line_height_tablet=&#8220;38px&#8220; header_line_height_phone=&#8220;36px&#8220; header_line_height_last_edited=&#8220;on|desktop&#8220; custom_css_before=&#8220;content:&#8220;;||left:0;||bottom:0;||height:1px;||position:absolute;||width:0;||background:var(&#8211;color1);||transition:all .5s ease;&#8220; custom_css_main_element=&#8220;border-bottom:1px solid hsl(from var(&#8211;color1) h s l \/ 0.2);||z-index:1;&#8220; custom_css_blurb_image=&#8220;margin:0 0 20px;||max-width:100%!important;||width:100%!important;&#8220; custom_css_blurb_title=&#8220;color:var(&#8211;color3);||padding:0 0 20px;&#8220; custom_css_blurb_content=&#8220;color:var(&#8211;color3);||font-weight:400;&#8220; global_colors_info=&#8220;{}&#8220; custom_css_before__hover_enabled=&#8220;on|desktop&#8220; custom_css_before__hover=&#8220;width:100%;&#8220;]<\/p>\n<p>Verschenke 1,5h LaserTag Action in der LaserZone K\u00f6ln<br \/><a href=\"\/drinks-dining\/\">Hier buchen<\/a><\/p>\n<p>[\/et_pb_blurb][et_pb_blurb title=&#8220;2h LaserTag + Clubkarte&#8220; image=&#8220;https:\/\/lasergamezentrum-koeln.de\/wp-content\/uploads\/2025\/08\/DSC00021-Verbessert-RR-scaled.jpg&#8220; alt=&#8220;img-20&#8243; content_max_width=&#8220;100%&#8220; module_class=&#8220;flicker_service&#8220; _builder_version=&#8220;4.27.4&#8243; _module_preset=&#8220;default&#8220; header_font=&#8220;|700|||||||&#8220; header_font_size=&#8220;30px&#8220; header_line_height=&#8220;40px&#8220; body_line_height=&#8220;26px&#8220; custom_margin=&#8220;||0px||false|false&#8220; custom_padding=&#8220;||20px||false|false&#8220; header_font_size_tablet=&#8220;28px&#8220; header_font_size_phone=&#8220;26px&#8220; header_font_size_last_edited=&#8220;on|phone&#8220; header_line_height_tablet=&#8220;38px&#8220; header_line_height_phone=&#8220;36px&#8220; header_line_height_last_edited=&#8220;on|desktop&#8220; custom_css_before=&#8220;content:&#8220;;||left:0;||bottom:0;||height:1px;||position:absolute;||width:0;||background:var(&#8211;color1);||transition:all .5s ease;&#8220; custom_css_main_element=&#8220;border-bottom:1px solid hsl(from var(&#8211;color1) h s l \/ 0.2);||z-index:1;&#8220; custom_css_blurb_image=&#8220;margin:0 0 20px;||max-width:100%!important;||width:100%!important;&#8220; custom_css_blurb_title=&#8220;color:var(&#8211;color3);||padding:0 0 20px;&#8220; custom_css_blurb_content=&#8220;color:var(&#8211;color3);||font-weight:400;&#8220; global_colors_info=&#8220;{}&#8220; custom_css_before__hover_enabled=&#8220;on|desktop&#8220; custom_css_before__hover=&#8220;width:100%;&#8220;]<\/p>\n<p>Verschenke 2h LaserTag Action in der LaserZone K\u00f6ln<br \/><a href=\"\/drinks-dining\/\">Hier buchen<\/a><\/p>\n<p>[\/et_pb_blurb][et_pb_blurb title=&#8220;3h LaserTag + Clubkarte&#8220; image=&#8220;https:\/\/lasergamezentrum-koeln.de\/wp-content\/uploads\/2025\/08\/LaserZone-LaserTag-Koeln-18.png&#8220; alt=&#8220;img-21&#8243; content_max_width=&#8220;100%&#8220; module_class=&#8220;flicker_service&#8220; _builder_version=&#8220;4.27.4&#8243; _module_preset=&#8220;default&#8220; header_font=&#8220;|700|||||||&#8220; header_font_size=&#8220;30px&#8220; header_line_height=&#8220;40px&#8220; body_line_height=&#8220;26px&#8220; custom_margin=&#8220;||0px||false|false&#8220; custom_padding=&#8220;||20px||false|false&#8220; header_font_size_tablet=&#8220;28px&#8220; header_font_size_phone=&#8220;26px&#8220; header_font_size_last_edited=&#8220;on|phone&#8220; header_line_height_tablet=&#8220;38px&#8220; header_line_height_phone=&#8220;36px&#8220; header_line_height_last_edited=&#8220;on|desktop&#8220; custom_css_before=&#8220;content:&#8220;;||left:0;||bottom:0;||height:1px;||position:absolute;||width:0;||background:var(&#8211;color1);||transition:all .5s ease;&#8220; custom_css_main_element=&#8220;border-bottom:1px solid hsl(from var(&#8211;color1) h s l \/ 0.2);||z-index:1;&#8220; custom_css_blurb_image=&#8220;margin:0 0 20px;||max-width:100%!important;||width:100%!important;&#8220; custom_css_blurb_title=&#8220;color:var(&#8211;color3);||padding:0 0 20px;&#8220; custom_css_blurb_content=&#8220;color:var(&#8211;color3);||font-weight:400;&#8220; global_colors_info=&#8220;{}&#8220; custom_css_before__hover_enabled=&#8220;on|desktop&#8220; custom_css_before__hover=&#8220;width:100%;&#8220;]<\/p>\n<p>Verschenke 3h LaserTag Action in der LaserZone K\u00f6ln<br \/><a href=\"\/drinks-dining\/\">Hier buchen<\/a><\/p>\n<p>[\/et_pb_blurb][\/et_pb_column][\/et_pb_row][\/et_pb_section]<\/p>\n","protected":false},"excerpt":{"rendered":"<p>Verschenke unvergessliche Erlebnisse mit einem LaserTag K\u00f6ln Gutschein. LaserTag K\u00f6ln Gutschein \u2013 das perfekte Geschenk f\u00fcr ActionfansVerschenke einen Wertgutschein ab 10,00 \u20ac f\u00fcr LaserTag in der LaserZone K\u00f6lnHier buchenVerschenke 1,5h LaserTag Action in der LaserZone K\u00f6lnHier buchenVerschenke 2h LaserTag Action in der LaserZone K\u00f6lnHier buchenVerschenke 3h LaserTag Action in der LaserZone K\u00f6lnHier buchen<\/p>\n","protected":false},"author":1,"featured_media":0,"parent":0,"menu_order":0,"comment_status":"closed","ping_status":"closed","template":"","meta":{"_et_pb_use_builder":"on","_et_pb_old_content":"<!-- wp:divi\/placeholder \/-->","_et_gb_content_width":"","footnotes":""},"class_list":["post-68","page","type-page","status-publish","hentry"],"_links":{"self":[{"href":"https:\/\/lasergamezentrum-koeln.de\/index.php\/wp-json\/wp\/v2\/pages\/68","targetHints":{"allow":["GET"]}}],"collection":[{"href":"https:\/\/lasergamezentrum-koeln.de\/index.php\/wp-json\/wp\/v2\/pages"}],"about":[{"href":"https:\/\/lasergamezentrum-koeln.de\/index.php\/wp-json\/wp\/v2\/types\/page"}],"author":[{"embeddable":true,"href":"https:\/\/lasergamezentrum-koeln.de\/index.php\/wp-json\/wp\/v2\/users\/1"}],"replies":[{"embeddable":true,"href":"https:\/\/lasergamezentrum-koeln.de\/index.php\/wp-json\/wp\/v2\/comments?post=68"}],"version-history":[{"count":6,"href":"https:\/\/lasergamezentrum-koeln.de\/index.php\/wp-json\/wp\/v2\/pages\/68\/revisions"}],"predecessor-version":[{"id":1956,"href":"https:\/\/lasergamezentrum-koeln.de\/index.php\/wp-json\/wp\/v2\/pages\/68\/revisions\/1956"}],"wp:attachment":[{"href":"https:\/\/lasergamezentrum-koeln.de\/index.php\/wp-json\/wp\/v2\/media?parent=68"}],"curies":[{"name":"wp","href":"https:\/\/api.w.org\/{rel}","templated":true}]}}