{"id":1967,"date":"2025-08-20T12:03:59","date_gmt":"2025-08-20T12:03:59","guid":{"rendered":"https:\/\/lasergamezentrum-koeln.de\/?page_id=1967"},"modified":"2025-08-20T14:26:10","modified_gmt":"2025-08-20T14:26:10","slug":"koeln-schulausflug","status":"publish","type":"page","link":"https:\/\/lasergamezentrum-koeln.de\/index.php\/koeln-schulausflug\/","title":{"rendered":"K\u00f6ln Schulausflug"},"content":{"rendered":"<p>[et_pb_section fb_built=&#8220;1&#8243; custom_padding_last_edited=&#8220;on|phone&#8220; _builder_version=&#8220;4.27.4&#8243; _module_preset=&#8220;default&#8220; background_image=&#8220;https:\/\/lasergamezentrum-koeln.de\/wp-content\/uploads\/2025\/08\/DSC08662-Verbessert-RR-scaled.jpg&#8220; custom_margin_last_edited=&#8220;off|phone&#8220; custom_padding=&#8220;268px||166px||false|false&#8220; custom_padding_tablet=&#8220;197px||100px||false|false&#8220; custom_padding_phone=&#8220;177px||80px||false|false&#8220; custom_css_before=&#8220;content:&#8220;;||top:0;||left:0;||bottom:0;||right:0;||position:absolute;||background-color:var(&#8211;color2);||opacity:0.9;&#8220; locked=&#8220;off&#8220; global_colors_info=&#8220;{}&#8220;][et_pb_row _builder_version=&#8220;4.27.4&#8243; _module_preset=&#8220;default&#8220; width=&#8220;90%&#8220; custom_padding=&#8220;0px||0px||true|false&#8220; global_colors_info=&#8220;{}&#8220;][et_pb_column type=&#8220;4_4&#8243; _builder_version=&#8220;4.27.4&#8243; _module_preset=&#8220;default&#8220; global_colors_info=&#8220;{}&#8220;][et_pb_heading title=&#8220;@ET-DC@eyJkeW5hbWljIjp0cnVlLCJjb250ZW50IjoicG9zdF90aXRsZSIsInNldHRpbmdzIjp7ImJlZm9yZSI6IiIsImFmdGVyIjoiIn19@&#8220; _builder_version=&#8220;4.27.4&#8243; _dynamic_attributes=&#8220;title&#8220; _module_preset=&#8220;default&#8220; title_font=&#8220;|700|||||||&#8220; title_text_align=&#8220;center&#8220; title_font_size=&#8220;70px&#8220; title_line_height=&#8220;80px&#8220; title_font_size_tablet=&#8220;55px&#8220; title_font_size_phone=&#8220;40px&#8220; title_font_size_last_edited=&#8220;on|phone&#8220; title_line_height_tablet=&#8220;65px&#8220; title_line_height_phone=&#8220;50px&#8220; title_line_height_last_edited=&#8220;on|desktop&#8220; custom_css_main_element=&#8220;padding:0;||color:var(&#8211;color3);&#8220; global_colors_info=&#8220;{}&#8220;][\/et_pb_heading][\/et_pb_column][\/et_pb_row][\/et_pb_section][et_pb_section fb_built=&#8220;1&#8243; custom_padding_last_edited=&#8220;on|phone&#8220; _builder_version=&#8220;4.27.4&#8243; _module_preset=&#8220;default&#8220; background_enable_color=&#8220;off&#8220; custom_padding=&#8220;110px||110px||true|false&#8220; custom_padding_tablet=&#8220;80px||80px||true|false&#8220; custom_padding_phone=&#8220;60px||60px||true|false&#8220; custom_css_main_element=&#8220;background-color:var(&#8211;color2);  ||overflow: hidden;&#8220; locked=&#8220;off&#8220; global_colors_info=&#8220;{}&#8220;][et_pb_row _builder_version=&#8220;4.27.4&#8243; _module_preset=&#8220;default&#8220; width=&#8220;90%&#8220; custom_padding=&#8220;0px||0px||true|false&#8220; global_colors_info=&#8220;{}&#8220;][et_pb_column type=&#8220;4_4&#8243; _builder_version=&#8220;4.27.4&#8243; _module_preset=&#8220;default&#8220; global_colors_info=&#8220;{}&#8220;][et_pb_blurb title=&#8220;Schulausflug in K\u00f6ln \u2013 Action und Teamgeist in der LaserZone&#8220; content_max_width=&#8220;100%&#8220; _builder_version=&#8220;4.27.4&#8243; _module_preset=&#8220;default&#8220; header_level=&#8220;h2&#8243; header_font=&#8220;|700|||||||&#8220; header_font_size=&#8220;50px&#8220; header_line_height=&#8220;60px&#8220; body_line_height=&#8220;26px&#8220; text_orientation=&#8220;center&#8220; header_font_size_tablet=&#8220;42px&#8220; header_font_size_phone=&#8220;34px&#8220; header_font_size_last_edited=&#8220;on|phone&#8220; header_line_height_tablet=&#8220;52px&#8220; header_line_height_phone=&#8220;44px&#8220; header_line_height_last_edited=&#8220;on|desktop&#8220; custom_css_main_element=&#8220;max-width:850px;||margin:auto;&#8220; custom_css_blurb_title=&#8220;padding:0 0 30px;||color:var(&#8211;color3);&#8220; custom_css_blurb_content=&#8220;color:var(&#8211;color3);||font-weight:400;&#8220; global_colors_info=&#8220;{}&#8220;]<\/p>\n<p>Ein Schulausflug muss nicht trocken oder eint\u00f6nig sein. In der LaserZone K\u00f6ln erleben Sch\u00fcler und Lehrer ein spannendes Abenteuer, das Bewegung, Strategie und Teamgeist verbindet. Unsere moderne Arena in K\u00f6ln-Ossendorf bietet auf mehr als 1.400 Quadratmetern Spielfl\u00e4che den idealen Rahmen f\u00fcr einen au\u00dfergew\u00f6hnlichen Klassenausflug.<\/p>\n<p>[\/et_pb_blurb][\/et_pb_column][\/et_pb_row][et_pb_row _builder_version=&#8220;4.27.4&#8243; _module_preset=&#8220;default&#8220; width=&#8220;90%&#8220; custom_margin=&#8220;50px||||false|false&#8220; custom_margin_tablet=&#8220;40px||||false|false&#8220; custom_margin_phone=&#8220;30px||||false|false&#8220; custom_margin_last_edited=&#8220;on|phone&#8220; custom_padding=&#8220;0px||0px||true|false&#8220; global_colors_info=&#8220;{}&#8220;][et_pb_column type=&#8220;4_4&#8243; _builder_version=&#8220;4.27.4&#8243; _module_preset=&#8220;default&#8220; global_colors_info=&#8220;{}&#8220;][et_pb_pricing_tables show_bullet=&#8220;off&#8220; module_class=&#8220;flicker_pricing&#8220; _builder_version=&#8220;4.27.4&#8243; _module_preset=&#8220;default&#8220; header_level=&#8220;h4&#8243; header_font=&#8220;|700|||||||&#8220; header_font_size=&#8220;24px&#8220; header_line_height=&#8220;34px&#8220; body_line_height=&#8220;26px&#8220; subheader_font_size=&#8220;14px&#8220; subheader_line_height=&#8220;24px&#8220; price_font=&#8220;&#8211;et_global_heading_font|700|||||||&#8220; price_font_size=&#8220;40px&#8220; price_line_height=&#8220;30px&#8220; currency_frequency_font_size=&#8220;14px&#8220; currency_frequency_line_height=&#8220;24px&#8220; custom_button=&#8220;on&#8220; button_bg_color=&#8220;RGBA(255,255,255,0)&#8220; button_font=&#8220;|700|||||||&#8220; button_on_hover=&#8220;off&#8220; button_alignment=&#8220;center&#8220; button_custom_padding=&#8220;15px|19px|15px|19px|true|true&#8220; text_orientation=&#8220;left&#8220; custom_css_pricing_heading=&#8220;background-color:transparent;||padding:0!important;&#8220; custom_css_pricing_title=&#8220;color:var(&#8211;color3)!important;||padding:0 0 5px!important;&#8220; custom_css_pricing_subtitle=&#8220;color:var(&#8211;color3)!important;||padding:0 !important;||margin:0!important;&#8220; custom_css_pricing_top=&#8220;color:var(&#8211;color3)!important;||padding:0!important;||margin:0!important;||border:0!important;&#8220; custom_css_price=&#8220;color:var(&#8211;color3)!important;||padding:0!important;&#8220; custom_css_pricing_content=&#8220;border-top:1px solid hsl(from var(&#8211;color3) h s l \/ 0.1);||padding:30px 0 0;||margin:30px 0 ;&#8220; custom_css_pricing_item=&#8220;color:var(&#8211;color3);||font-weight:400;&#8220; custom_css_pricing_item_excluded=&#8220;color:var(&#8211;color3);&#8220; custom_css_pricing_button=&#8220;width:100%;||margin:0!important;||position:relative;||line-height:26px!important;||color:var(&#8211;color3);||border:1px solid var(&#8211;color1)!important;&#8220; global_colors_info=&#8220;{}&#8220;][et_pb_pricing_table title=&#8220;LaserTag Schulausflug in K\u00f6ln &#8220; subtitle=&#8220;Das einzigartige SchoolTag\u00ae Konzept&#8220; per=&#8220;pro Person&#8220; sum=&#8220;17\u20ac&#8220; button_url=&#8220;#&#8220; button_text=&#8220;JETZT BUCHEN&#8220; _builder_version=&#8220;4.27.4&#8243; _module_preset=&#8220;default&#8220; custom_button=&#8220;on&#8220; custom_css_main_element=&#8220;background-color:hsl(from var(&#8211;color1) h s l \/ 0.03);!important;||border:0!important;||padding:30px;&#8220; global_colors_info=&#8220;{}&#8220; sticky_transition=&#8220;on&#8220;]<\/p>\n<p>Sicheres und betreutes Umfeld<\/p>\n<p>Mit P\u00e4dagogen entwickelte Spiele<\/p>\n<p>F\u00f6rdert Teamgeist und Kommunikation<\/p>\n<p>Altersgerechte Spielmodi<\/p>\n<p>[\/et_pb_pricing_table][\/et_pb_pricing_tables][\/et_pb_column][\/et_pb_row][et_pb_row _builder_version=&#8220;4.27.4&#8243; _module_preset=&#8220;default&#8220; global_colors_info=&#8220;{}&#8220;][et_pb_column type=&#8220;4_4&#8243; _builder_version=&#8220;4.27.4&#8243; _module_preset=&#8220;default&#8220; global_colors_info=&#8220;{}&#8220;][et_pb_blurb title=&#8220;Warum ein Schulausflug zur LaserZone K\u00f6ln ideal ist&#8220; content_max_width=&#8220;100%&#8220; _builder_version=&#8220;4.27.4&#8243; _module_preset=&#8220;default&#8220; header_level=&#8220;h2&#8243; header_font=&#8220;|700|||||||&#8220; header_font_size=&#8220;50px&#8220; header_line_height=&#8220;60px&#8220; body_line_height=&#8220;26px&#8220; text_orientation=&#8220;center&#8220; hover_enabled=&#8220;0&#8243; header_font_size_tablet=&#8220;42px&#8220; header_font_size_phone=&#8220;34px&#8220; header_font_size_last_edited=&#8220;on|phone&#8220; header_line_height_tablet=&#8220;52px&#8220; header_line_height_phone=&#8220;44px&#8220; header_line_height_last_edited=&#8220;on|desktop&#8220; custom_css_main_element=&#8220;max-width:850px;||margin:auto;&#8220; custom_css_blurb_title=&#8220;padding:0 0 30px;||color:var(&#8211;color3);&#8220; custom_css_blurb_content=&#8220;color:var(&#8211;color3);||font-weight:400;&#8220; global_colors_info=&#8220;{}&#8220; sticky_enabled=&#8220;0&#8243;]<\/p>\n<p style=\"text-align: justify;\"><span style=\"font-size: 16px;\">\u2705 <\/span><strong style=\"font-size: 16px;\">Teamwork und Kommunikation<\/strong><span style=\"font-size: 16px;\"> \u2013 Sch\u00fcler lernen, gemeinsam Strategien zu entwickeln und ihre St\u00e4rken einzusetzen.<\/span><\/p>\n<p style=\"text-align: justify;\"><span style=\"color: #ffffff;\">\u2705 <strong>Bewegung und Action<\/strong> \u2013 statt stillzusitzen geht es hier um Ausdauer, Schnelligkeit und Konzentration.<\/span><\/p>\n<p style=\"text-align: justify;\"><span style=\"color: #ffffff;\">\u2705 <strong>Sicheres Umfeld<\/strong> \u2013 geschultes Personal sorgt f\u00fcr klare Regeln, Fairplay und Sicherheit.<\/span><\/p>\n<p style=\"text-align: justify;\"><span style=\"color: #ffffff;\">\u2705 <strong>Unvergessliches Erlebnis<\/strong> \u2013 Klassenfahrten und Ausfl\u00fcge in die LaserZone bleiben garantiert lange in Erinnerung.<\/span><\/p>\n<h2 style=\"text-align: justify;\"><span style=\"color: #00ffff;\">Ab welchem Alter ist LaserTag im Schulausflug m\u00f6glich?<\/span><\/h2>\n<p style=\"text-align: justify;\"><span style=\"color: #ffffff;\">Ein Besuch in der LaserZone K\u00f6ln ist bereits ab <strong>7 Jahren<\/strong> m\u00f6glich. Damit eignet sich unsere Arena sowohl f\u00fcr Grundschulen als auch f\u00fcr weiterf\u00fchrende Schulen. Jede Gruppe erh\u00e4lt eine altersgerechte Einweisung, sodass Spa\u00df und Sicherheit jederzeit im Vordergrund stehen.<\/span><\/p>\n<h2 style=\"text-align: justify;\"><span style=\"color: #00ffff;\">Ablauf eines Schulausflugs in der LaserZone K\u00f6ln<\/span><\/h2>\n<p style=\"text-align: justify;\"><span style=\"color: #ffffff;\">Der Schulausflug startet mit einer Einweisung durch unser Team. Danach geht es direkt in die Arena:<\/span><\/p>\n<ol style=\"text-align: justify;\">\n<li><span style=\"color: #ffffff;\"><strong>Ausr\u00fcstung anlegen<\/strong> \u2013 mit modernster Laserforce-Technik.<\/span><\/li>\n<li><span style=\"color: #ffffff;\"><strong>Mission starten<\/strong> \u2013 spannende Spielmodi sorgen f\u00fcr Abwechslung.<\/span><\/li>\n<li><span style=\"color: #ffffff;\"><strong>Teamstrategie entwickeln<\/strong> \u2013 Klassen treten gegeneinander an und sammeln Punkte.<\/span><\/li>\n<\/ol>\n<p style=\"text-align: justify;\"><span style=\"color: #ffffff;\">Nach dem Spiel gibt es die M\u00f6glichkeit, in unserer Lounge eine Pause zu machen, Getr\u00e4nke zu genie\u00dfen oder die Ergebnisse gemeinsam auszuwerten.<\/span><\/p>\n<h2 style=\"text-align: justify;\"><span style=\"color: #00ffff;\">Extras f\u00fcr Schulklassen<\/span><\/h2>\n<p style=\"text-align: justify;\"><span style=\"color: #ffffff;\">F\u00fcr <strong>Schulausfl\u00fcge und Klassenfahrten in K\u00f6ln<\/strong> bieten wir spezielle <strong>Schulangebote<\/strong> mit verg\u00fcnstigten Preisen.\u00a0<\/span><\/p>\n<p>[\/et_pb_blurb][\/et_pb_column][\/et_pb_row][\/et_pb_section]<\/p>\n","protected":false},"excerpt":{"rendered":"<p>Ein Schulausflug muss nicht trocken oder eint\u00f6nig sein. In der LaserZone K\u00f6ln erleben Sch\u00fcler und Lehrer ein spannendes Abenteuer, das Bewegung, Strategie und Teamgeist verbindet. Unsere moderne Arena in K\u00f6ln-Ossendorf bietet auf mehr als 1.400 Quadratmetern Spielfl\u00e4che den idealen Rahmen f\u00fcr einen au\u00dfergew\u00f6hnlichen Klassenausflug.Sicheres und betreutes Umfeld Mit P\u00e4dagogen entwickelte Spiele F\u00f6rdert Teamgeist und Kommunikation [&hellip;]<\/p>\n","protected":false},"author":1,"featured_media":0,"parent":0,"menu_order":0,"comment_status":"closed","ping_status":"closed","template":"","meta":{"_et_pb_use_builder":"on","_et_pb_old_content":"","_et_gb_content_width":"","footnotes":""},"class_list":["post-1967","page","type-page","status-publish","hentry"],"_links":{"self":[{"href":"https:\/\/lasergamezentrum-koeln.de\/index.php\/wp-json\/wp\/v2\/pages\/1967","targetHints":{"allow":["GET"]}}],"collection":[{"href":"https:\/\/lasergamezentrum-koeln.de\/index.php\/wp-json\/wp\/v2\/pages"}],"about":[{"href":"https:\/\/lasergamezentrum-koeln.de\/index.php\/wp-json\/wp\/v2\/types\/page"}],"author":[{"embeddable":true,"href":"https:\/\/lasergamezentrum-koeln.de\/index.php\/wp-json\/wp\/v2\/users\/1"}],"replies":[{"embeddable":true,"href":"https:\/\/lasergamezentrum-koeln.de\/index.php\/wp-json\/wp\/v2\/comments?post=1967"}],"version-history":[{"count":5,"href":"https:\/\/lasergamezentrum-koeln.de\/index.php\/wp-json\/wp\/v2\/pages\/1967\/revisions"}],"predecessor-version":[{"id":1990,"href":"https:\/\/lasergamezentrum-koeln.de\/index.php\/wp-json\/wp\/v2\/pages\/1967\/revisions\/1990"}],"wp:attachment":[{"href":"https:\/\/lasergamezentrum-koeln.de\/index.php\/wp-json\/wp\/v2\/media?parent=1967"}],"curies":[{"name":"wp","href":"https:\/\/api.w.org\/{rel}","templated":true}]}}