{"id":1928,"date":"2025-08-20T10:33:18","date_gmt":"2025-08-20T10:33:18","guid":{"rendered":"https:\/\/lasergamezentrum-koeln.de\/?page_id=1928"},"modified":"2025-08-20T10:33:19","modified_gmt":"2025-08-20T10:33:19","slug":"lasertag-koeln-adresse","status":"publish","type":"page","link":"https:\/\/lasergamezentrum-koeln.de\/index.php\/lasertag-koeln-adresse\/","title":{"rendered":"LaserTag K\u00f6ln Adresse"},"content":{"rendered":"<p>[et_pb_section fb_built=&#8220;1&#8243; custom_padding_last_edited=&#8220;on|phone&#8220; _builder_version=&#8220;4.27.4&#8243; _module_preset=&#8220;default&#8220; background_image=&#8220;https:\/\/lasergamezentrum-koeln.de\/wp-content\/uploads\/2025\/08\/DSC01853-Verbessert-RR-scaled.jpg&#8220; custom_margin_last_edited=&#8220;off|phone&#8220; custom_padding=&#8220;268px||166px||false|false&#8220; custom_padding_tablet=&#8220;197px||100px||false|false&#8220; custom_padding_phone=&#8220;177px||80px||false|false&#8220; hover_enabled=&#8220;0&#8243; custom_css_before=&#8220;content:&#8220;;||top:0;||left:0;||bottom:0;||right:0;||position:absolute;||background-color:var(&#8211;color2);||opacity:0.9;&#8220; locked=&#8220;off&#8220; global_colors_info=&#8220;{}&#8220; title_text=&#8220;DSC01853-Verbessert-RR&#8220; sticky_enabled=&#8220;0&#8243;][et_pb_row _builder_version=&#8220;4.27.4&#8243; _module_preset=&#8220;default&#8220; width=&#8220;90%&#8220; custom_padding=&#8220;0px||0px||true|false&#8220; global_colors_info=&#8220;{}&#8220;][et_pb_column type=&#8220;4_4&#8243; _builder_version=&#8220;4.27.4&#8243; _module_preset=&#8220;default&#8220; global_colors_info=&#8220;{}&#8220;][et_pb_heading title=&#8220;@ET-DC@eyJkeW5hbWljIjp0cnVlLCJjb250ZW50IjoicG9zdF90aXRsZSIsInNldHRpbmdzIjp7ImJlZm9yZSI6IiIsImFmdGVyIjoiIn19@&#8220; _builder_version=&#8220;4.27.4&#8243; _dynamic_attributes=&#8220;title&#8220; _module_preset=&#8220;default&#8220; title_font=&#8220;|700|||||||&#8220; title_text_align=&#8220;center&#8220; title_font_size=&#8220;70px&#8220; title_line_height=&#8220;80px&#8220; title_font_size_tablet=&#8220;55px&#8220; title_font_size_phone=&#8220;40px&#8220; title_font_size_last_edited=&#8220;on|phone&#8220; title_line_height_tablet=&#8220;65px&#8220; title_line_height_phone=&#8220;50px&#8220; title_line_height_last_edited=&#8220;on|desktop&#8220; custom_css_main_element=&#8220;padding:0;||color:var(&#8211;color3);&#8220; global_colors_info=&#8220;{}&#8220;][\/et_pb_heading][\/et_pb_column][\/et_pb_row][\/et_pb_section][et_pb_section fb_built=&#8220;1&#8243; custom_padding_last_edited=&#8220;on|phone&#8220; _builder_version=&#8220;4.27.4&#8243; _module_preset=&#8220;default&#8220; background_enable_color=&#8220;off&#8220; custom_padding=&#8220;110px||110px||true|false&#8220; custom_padding_tablet=&#8220;80px||80px||true|false&#8220; custom_padding_phone=&#8220;60px||60px||true|false&#8220; custom_css_main_element=&#8220;background-color:var(&#8211;color2);&#8220; locked=&#8220;off&#8220; global_colors_info=&#8220;{}&#8220;][et_pb_row _builder_version=&#8220;4.27.4&#8243; _module_preset=&#8220;default&#8220; width=&#8220;90%&#8220; custom_padding=&#8220;0px||0px||true|false&#8220; locked=&#8220;off&#8220; global_colors_info=&#8220;{}&#8220;][et_pb_column type=&#8220;4_4&#8243; _builder_version=&#8220;4.27.4&#8243; _module_preset=&#8220;default&#8220; global_colors_info=&#8220;{}&#8220;][et_pb_blurb title=&#8220;Spiele jetzt LaserTag in der LaserZone K\u00f6ln&#8220; content_max_width=&#8220;100%&#8220; _builder_version=&#8220;4.27.4&#8243; _module_preset=&#8220;default&#8220; header_level=&#8220;h2&#8243; header_font=&#8220;|700|||||||&#8220; header_font_size=&#8220;50px&#8220; header_line_height=&#8220;60px&#8220; body_line_height=&#8220;26px&#8220; text_orientation=&#8220;center&#8220; custom_margin=&#8220;||0px||false|false&#8220; header_font_size_tablet=&#8220;42px&#8220; header_font_size_phone=&#8220;34px&#8220; header_font_size_last_edited=&#8220;on|phone&#8220; header_line_height_tablet=&#8220;52px&#8220; header_line_height_phone=&#8220;44px&#8220; header_line_height_last_edited=&#8220;on|desktop&#8220; custom_css_main_element=&#8220;max-width:952px;||margin:auto;&#8220; custom_css_blurb_title=&#8220;padding:0;||color:var(&#8211;color3);&#8220; custom_css_blurb_content=&#8220;color:var(&#8211;color3);||font-weight:400;&#8220; global_colors_info=&#8220;{}&#8220;][\/et_pb_blurb][\/et_pb_column][\/et_pb_row][et_pb_row column_structure=&#8220;1_3,1_3,1_3&#8243; _builder_version=&#8220;4.27.4&#8243; _module_preset=&#8220;default&#8220; width=&#8220;90%&#8220; custom_margin=&#8220;50px||||false|false&#8220; custom_margin_tablet=&#8220;40px||||false|false&#8220; custom_margin_phone=&#8220;30px||||false|false&#8220; custom_margin_last_edited=&#8220;on|phone&#8220; custom_padding=&#8220;0px||0px||true|false&#8220; locked=&#8220;off&#8220; global_colors_info=&#8220;{}&#8220;][et_pb_column type=&#8220;1_3&#8243; _builder_version=&#8220;4.27.4&#8243; _module_preset=&#8220;default&#8220; global_colors_info=&#8220;{}&#8220;][et_pb_blurb title=&#8220;Fragen? Ruf an!&#8220; use_icon=&#8220;on&#8220; font_icon=&#8220;&#xf086;||fa||400&#8243; image_icon_width=&#8220;30px&#8220; content_max_width=&#8220;100%&#8220; module_class=&#8220;flicker_icon_color_3&#8243; _builder_version=&#8220;4.27.4&#8243; _module_preset=&#8220;default&#8220; header_level=&#8220;h6&#8243; header_font=&#8220;&#8211;et_global_body_font||||||||&#8220; header_font_size=&#8220;16px&#8220; header_line_height=&#8220;26px&#8220; body_font=&#8220;&#8211;et_global_heading_font|700|||||||&#8220; body_font_size=&#8220;20px&#8220; body_line_height=&#8220;30px&#8220; background_color=&#8220;#111c32&#8243; custom_padding=&#8220;20px|20px|20px|20px|true|true&#8220; hover_enabled=&#8220;0&#8243; custom_css_blurb_image=&#8220;margin:0;||width:100%;||max-width:66px;||height:66px;||display:flex;||align-items:center;||justify-content:center;||background-color:var(&#8211;color1);||border-radius:50%;&#8220; custom_css_blurb_title=&#8220;color:var(&#8211;color3);||font-weight:400;||padding:0 0 15px;&#8220; custom_css_blurb_content=&#8220;color:var(&#8211;color3);||display:flex;||gap:15px;||word-break: break-word;&#8220; border_radii=&#8220;on|5px|5px|5px|5px&#8220; global_colors_info=&#8220;{}&#8220; sticky_enabled=&#8220;0&#8243;]<\/p>\n<p><strong>0221-57273740<\/strong><br \/><a href=\"mailto:koeln@laserzone.de\">koeln@laserzone.de<\/a><\/p>\n<p>[\/et_pb_blurb][\/et_pb_column][et_pb_column type=&#8220;1_3&#8243; _builder_version=&#8220;4.27.4&#8243; _module_preset=&#8220;default&#8220; global_colors_info=&#8220;{}&#8220;][et_pb_blurb title=&#8220;Komm vorbei! &#8220; use_icon=&#8220;on&#8220; font_icon=&#8220;&#xe01d;||divi||400&#8243; image_icon_width=&#8220;30px&#8220; content_max_width=&#8220;100%&#8220; module_class=&#8220;flicker_icon_color_3&#8243; _builder_version=&#8220;4.27.4&#8243; _module_preset=&#8220;default&#8220; header_level=&#8220;h6&#8243; header_font=&#8220;&#8211;et_global_body_font||||||||&#8220; header_font_size=&#8220;16px&#8220; header_line_height=&#8220;26px&#8220; body_font=&#8220;&#8211;et_global_heading_font|700|||||||&#8220; body_font_size=&#8220;20px&#8220; body_line_height=&#8220;30px&#8220; background_color=&#8220;#111c32&#8243; custom_padding=&#8220;20px|20px|20px|20px|true|true&#8220; hover_enabled=&#8220;0&#8243; custom_css_blurb_image=&#8220;margin:0;||width:100%;||max-width:66px;||height:66px;||display:flex;||align-items:center;||justify-content:center;||background-color:var(&#8211;color1);||border-radius:50%;&#8220; custom_css_blurb_title=&#8220;color:var(&#8211;color3);||font-weight:400;||padding:0 0 15px;&#8220; custom_css_blurb_content=&#8220;color:var(&#8211;color3);||display:flex;||gap:15px;&#8220; border_radii=&#8220;on|5px|5px|5px|5px&#8220; global_colors_info=&#8220;{}&#8220; sticky_enabled=&#8220;0&#8243;]<\/p>\n<div class=\"x-col e15396-e3 mbvo-9 mbvo-a\">\n<div class=\"x-text x-content e15396-e5 mbvo-h mbvo-i\">\n<p><strong>Unsere Anschrift:<\/strong><\/p>\n<p><span style=\"color: #00ffff;\">K\u00f6hlstra\u00dfe 10 a<\/span><br \/><span style=\"color: #00ffff;\">50827 K\u00f6ln-Ossendorf<\/span><\/p>\n<p><strong>Wir freuen uns auf deinen Besuch!<\/strong><\/p>\n<\/div>\n<\/div>\n<div class=\"x-col e15396-e6 mbvo-9 mbvo-b mbvo-c\">\n<div class=\"x-frame x-frame-map-embed e15396-e7 mbvo-k\">\n<div class=\"x-frame-inner\">\n<div class=\"x-map x-map-embed\">\n<div class=\"brlbs-cmpnt-container brlbs-cmpnt-content-blocker brlbs-cmpnt-with-individual-styles\" data-borlabs-cookie-content-blocker-id=\"default\" data-borlabs-cookie-content=\"PGlmcmFtZSBzcmM9Imh0dHBzOi8vd3d3Lmdvb2dsZS5jb20vbWFwcy9lbWJlZD9wYj0hMW0xOCExbTEyITFtMyExZDI1MTIuMTIwMjA3MjY5NDI2NCEyZDYuODk2MDMwODc3MTg3NDk2NSEzZDUwLjk3Njk2ODY3MTY5NzYzNCEybTMhMWYwITJmMCEzZjAhM20yITFpMTAyNCEyaTc2OCE0ZjEzLjEhM20zITFtMiExczB4NDdiZjMxMTU4MzEyYTU5MSUzQTB4OTZkMWI1Njc0OTA3YzMyITJzTGFzZXJab25lJTIwTGFzZXJUYWclMjBLJUMzJUI2bG4hNWUwITNtMiExc2RlITJzZGUhNHYxNzMzMTU0Mzc2MTEzITVtMiExc2RlITJzZGUiIHdpZHRoPSI2MDAiIGhlaWdodD0iNDUwIiBzdHlsZT0iYm9yZGVyOjA7IiBhbGxvd2Z1bGxzY3JlZW49IiIgbG9hZGluZz0ibGF6eSIgcmVmZXJyZXJwb2xpY3k9Im5vLXJlZmVycmVyLXdoZW4tZG93bmdyYWRlIj48L2lmcmFtZT4=\">\n<div class=\"brlbs-cmpnt-cb-preset-a\"><\/div>\n<\/div>\n<\/div>\n<\/div>\n<\/div>\n<\/div>\n<p>[\/et_pb_blurb][\/et_pb_column][et_pb_column type=&#8220;1_3&#8243; _builder_version=&#8220;4.27.4&#8243; _module_preset=&#8220;default&#8220; global_colors_info=&#8220;{}&#8220;][et_pb_blurb title=&#8220;\u00d6ffnungszeiten&#8220; use_icon=&#8220;on&#8220; font_icon=&#8220;&#x7d;||divi||400&#8243; image_icon_width=&#8220;30px&#8220; content_max_width=&#8220;100%&#8220; module_class=&#8220;flicker_icon_color_3&#8243; _builder_version=&#8220;4.27.4&#8243; _module_preset=&#8220;default&#8220; header_level=&#8220;h6&#8243; header_font=&#8220;&#8211;et_global_body_font||||||||&#8220; header_font_size=&#8220;16px&#8220; header_line_height=&#8220;26px&#8220; body_font=&#8220;&#8211;et_global_heading_font|700|||||||&#8220; body_font_size=&#8220;20px&#8220; body_line_height=&#8220;30px&#8220; background_color=&#8220;#111c32&#8243; custom_padding=&#8220;20px|20px|20px|20px|true|true&#8220; hover_enabled=&#8220;0&#8243; custom_css_blurb_image=&#8220;margin:0;||width:100%;||max-width:66px;||height:66px;||display:flex;||align-items:center;||justify-content:center;||background-color:var(&#8211;color1);||border-radius:50%;&#8220; custom_css_blurb_title=&#8220;color:var(&#8211;color3);||font-weight:400;||padding:0 0 15px;&#8220; custom_css_blurb_content=&#8220;color:var(&#8211;color3);||display:flex;||gap:15px;&#8220; border_radii=&#8220;on|5px|5px|5px|5px&#8220; global_colors_info=&#8220;{}&#8220; sticky_enabled=&#8220;0&#8243;]<\/p>\n<p>Montag bis Donnerstag:<br \/>15:00 bis 21:00 Uhr<\/p>\n<p>Freitag:<br \/>15:00 bis 00:00 Uhr<\/p>\n<p>Samstag:<br \/>10:00 bis 00:00 Uhr<\/p>\n<p>Sonntag:<br \/>10:00 bis 21:00 Uhr<\/p>\n<p>[\/et_pb_blurb][\/et_pb_column][\/et_pb_row][et_pb_row _builder_version=&#8220;4.27.4&#8243; _module_preset=&#8220;default&#8220; width=&#8220;90%&#8220; custom_margin=&#8220;110px||||false|false&#8220; custom_margin_tablet=&#8220;80px||||false|false&#8220; custom_margin_phone=&#8220;60px||||false|false&#8220; custom_margin_last_edited=&#8220;on|tablet&#8220; custom_padding=&#8220;0px||0px||true|false&#8220; locked=&#8220;off&#8220; global_colors_info=&#8220;{}&#8220;][et_pb_column type=&#8220;4_4&#8243; _builder_version=&#8220;4.27.4&#8243; _module_preset=&#8220;default&#8220; global_colors_info=&#8220;{}&#8220;][et_pb_code raw_content_tablet=&#8220;<iframe src=%22https:\/\/www.google.com\/maps\/embed?pb=!1m18!1m12!1m3!1d71661.14940499085!2d-4.302497470303572!3d55.855536666098274!2m3!1f0!2f0!3f0!3m2!1i1024!2i768!4f13.1!3m3!1m2!1s0x488815562056ceeb%3A0x71e683b805ef511e!2sGlasgow%2C%20UK!5e0!3m2!1sen!2sin!4v1666184081313!5m2!1sen!2sin%22 width=%22100%%22 height=%22450px%22 style=%22border:0;%22 allowfullscreen=%22%22 loading=%22lazy%22 referrerpolicy=%22no-referrer-when-downgrade%22><\/iframe>&#8220; raw_content_phone=&#8220;<iframe src=%22https:\/\/www.google.com\/maps\/embed?pb=!1m18!1m12!1m3!1d71661.14940499085!2d-4.302497470303572!3d55.855536666098274!2m3!1f0!2f0!3f0!3m2!1i1024!2i768!4f13.1!3m3!1m2!1s0x488815562056ceeb%3A0x71e683b805ef511e!2sGlasgow%2C%20UK!5e0!3m2!1sen!2sin!4v1666184081313!5m2!1sen!2sin%22 width=%22100%%22 height=%22300px%22 style=%22border:0;%22 allowfullscreen=%22%22 loading=%22lazy%22 referrerpolicy=%22no-referrer-when-downgrade%22><\/iframe>&#8220; raw_content_last_edited=&#8220;on|phone&#8220; _builder_version=&#8220;4.27.4&#8243; _module_preset=&#8220;default&#8220; custom_css_main_element=&#8220;line-height:0;&#8220; global_colors_info=&#8220;{}&#8220;]<iframe src=\"https:\/\/www.google.com\/maps\/embed?pb=!1m18!1m12!1m3!1d71661.14940499085!2d-4.302497470303572!3d55.855536666098274!2m3!1f0!2f0!3f0!3m2!1i1024!2i768!4f13.1!3m3!1m2!1s0x488815562056ceeb%3A0x71e683b805ef511e!2sGlasgow%2C%20UK!5e0!3m2!1sen!2sin!4v1666184081313!5m2!1sen!2sin\" width=\"100%\" height=\"600px\" style=\"border:0;\" allowfullscreen=\"\" loading=\"lazy\" referrerpolicy=\"no-referrer-when-downgrade\"><\/iframe>[\/et_pb_code][\/et_pb_column][\/et_pb_row][\/et_pb_section]<\/p>\n","protected":false},"excerpt":{"rendered":"<p>0221-57273740koeln@laserzone.de Unsere Anschrift: K\u00f6hlstra\u00dfe 10 a50827 K\u00f6ln-Ossendorf Wir freuen uns auf deinen Besuch! Montag bis Donnerstag:15:00 bis 21:00 Uhr Freitag:15:00 bis 00:00 Uhr Samstag:10:00 bis 00:00 Uhr Sonntag:10:00 bis 21:00 Uhr<\/p>\n","protected":false},"author":1,"featured_media":0,"parent":0,"menu_order":0,"comment_status":"closed","ping_status":"closed","template":"","meta":{"_et_pb_use_builder":"on","_et_pb_old_content":"","_et_gb_content_width":"","footnotes":""},"class_list":["post-1928","page","type-page","status-publish","hentry"],"_links":{"self":[{"href":"https:\/\/lasergamezentrum-koeln.de\/index.php\/wp-json\/wp\/v2\/pages\/1928","targetHints":{"allow":["GET"]}}],"collection":[{"href":"https:\/\/lasergamezentrum-koeln.de\/index.php\/wp-json\/wp\/v2\/pages"}],"about":[{"href":"https:\/\/lasergamezentrum-koeln.de\/index.php\/wp-json\/wp\/v2\/types\/page"}],"author":[{"embeddable":true,"href":"https:\/\/lasergamezentrum-koeln.de\/index.php\/wp-json\/wp\/v2\/users\/1"}],"replies":[{"embeddable":true,"href":"https:\/\/lasergamezentrum-koeln.de\/index.php\/wp-json\/wp\/v2\/comments?post=1928"}],"version-history":[{"count":5,"href":"https:\/\/lasergamezentrum-koeln.de\/index.php\/wp-json\/wp\/v2\/pages\/1928\/revisions"}],"predecessor-version":[{"id":1934,"href":"https:\/\/lasergamezentrum-koeln.de\/index.php\/wp-json\/wp\/v2\/pages\/1928\/revisions\/1934"}],"wp:attachment":[{"href":"https:\/\/lasergamezentrum-koeln.de\/index.php\/wp-json\/wp\/v2\/media?parent=1928"}],"curies":[{"name":"wp","href":"https:\/\/api.w.org\/{rel}","templated":true}]}}